{"id":10287,"date":"2025-12-03T14:59:07","date_gmt":"2025-12-03T13:59:07","guid":{"rendered":"https:\/\/www.alpenblick.com\/alpenblick\/?page_id=10287"},"modified":"2025-12-03T16:04:34","modified_gmt":"2025-12-03T15:04:34","slug":"datenschutz","status":"publish","type":"page","link":"https:\/\/www.alpenblick.com\/alpenblick\/datenschutz\/","title":{"rendered":"Datenschutz"},"content":{"rendered":"[vc_row][vc_column][vc_column_text]<p><\/p>\n<p>&nbsp;<\/p>\n<p style=\"text-align: left;\"><strong>Datenschutzerkl\u00e4rung gem\u00e4\u00df DSGVO<\/strong><\/p>\n<p style=\"text-align: left;\"><\/p>\n<p style=\"text-align: left;\"><\/p>\n<p style=\"text-align: left;\">Wir legen gro\u00dfen Wert auf den Schutz pers\u00f6nlicher Daten. Die Alpenblick Akademie (AA) verarbeitet personenbezogene Daten ausschlie\u00dflich auf Grundlage der DSGVO und des \u00f6sterreichischen Datenschutzgesetzes.<\/p>\n<p style=\"text-align: left;\"><\/p>\n<p style=\"text-align: left;\"><\/p>\n<p style=\"text-align: left;\">1. Verantwortlicher<\/p>\n<p style=\"text-align: left;\"><\/p>\n<p style=\"text-align: left;\"><\/p>\n<p style=\"text-align: left;\">Alpenblick Akademie \u2013 Kunst und Kulturverein zur F\u00f6rderung der Gesellschaftlichen Gesundheitsf\u00f6rderung (ZVR-Zahl 1188080934 | Vereinsbeh\u00f6rde: Bezirkshauptmannschaft Salzburg-Umgebung)<\/p>\n<p style=\"text-align: left;\"><\/p>\n<p style=\"text-align: left;\"><\/p>\n<p style=\"text-align: left;\">Adresse: Wallmannsberg 2, 5163 Mattsee, \u00d6sterreich<br \/>Kontakt: Tel.\u00a0+43 6217 5389, <a href=\"mailto:office@alpenblick.com\" target=\"_blank\" rel=\"noreferrer noopener\">akademie@alpenblick.com<\/a><\/p>\n<p style=\"text-align: left;\"><\/p>\n<p style=\"text-align: left;\"><\/p>\n<p style=\"text-align: left;\">Vertretungsbefugt f\u00fcr den Verein sind Herr Georg Hofbauer (Pr\u00e4sident) und Frau Bernadette Hofbauer (Vizepr\u00e4sidentin).<\/p>\n<p style=\"text-align: left;\"><\/p>\n<p style=\"text-align: left;\"><\/p>\n<p style=\"text-align: left;\">2. Verarbeitete Daten &amp; Zwecke<\/p>\n<p style=\"text-align: left;\"><\/p>\n<p style=\"text-align: left;\"><\/p>\n<p style=\"text-align: left;\">a) Mitgliederverwaltung<\/p>\n<p style=\"text-align: left;\"><\/p>\n<p style=\"text-align: left;\"><\/p>\n<p style=\"text-align: left;\">Wir speichern und verarbeiten deine Daten zur Verwaltung, Zahlungsabwicklung und Vernetzung innerhalb des Vereins. Die Datenweitergabe erfolgt nur an IT-Dienstleister mit entsprechender Datenschutzvereinbarung.<\/p>\n<p style=\"text-align: left;\"><\/p>\n<p style=\"text-align: left;\"><\/p>\n<p style=\"text-align: left;\">Wir verarbeiten f\u00fcr die Verwaltung des Vereins folgende Daten:<\/p>\n<ul>\n<li style=\"text-align: left;\">Name, Adresse, Geburtsdatum<\/li>\n<li style=\"text-align: left;\">Kontaktinformationen (wie z.B. E-Mail, Telefon)<\/li>\n<li style=\"text-align: left;\">Zahlungsinformationen (z. B. Mitgliedsbeitrag)<\/li>\n<\/ul>\n<p style=\"text-align: left;\"><\/p>\n<p style=\"text-align: left;\"><!-- \/wp:post-content --><\/p>\n<p style=\"text-align: left;\"><!-- wp:paragraph --><\/p>\n<p style=\"text-align: left;\">Zweck: Durchf\u00fchrung der Vereinsverwaltung, Erf\u00fcllung gesetzlicher Meldungen, Kommunikation mit Mitgliedern.<br \/>Rechtsgrundlage: Art. 6 Abs.1 lit. b DSGVO (Vertrag), lit. c DSGVO (rechtliche Verpflichtung).<\/p>\n<p style=\"text-align: left;\"><!-- \/wp:paragraph --><\/p>\n<p style=\"text-align: left;\"><!-- wp:heading {\"level\":3} --><\/p>\n<p style=\"text-align: left;\">b) Veranstaltungen, Workshops, Kurse<\/p>\n<p style=\"text-align: left;\"><!-- \/wp:heading --><\/p>\n<p style=\"text-align: left;\"><!-- wp:paragraph --><\/p>\n<p style=\"text-align: left;\">Bei Anmeldung speichern wir:<\/p>\n<ul>\n<li style=\"text-align: left;\">Name, E-Mail, ggf. Telefonnummer<\/li>\n<li style=\"text-align: left;\">Zahlungsdaten (sofern erforderlich)<\/li>\n<\/ul>\n<p style=\"text-align: left;\"><!-- \/wp:paragraph --><\/p>\n<p style=\"text-align: left;\"><!-- wp:list-item --><\/p>\n<p style=\"text-align: left;\"><!-- \/wp:list-item --><\/p>\n<p style=\"text-align: left;\"><!-- \/wp:list --><\/p>\n<p style=\"text-align: left;\"><!-- wp:paragraph --><\/p>\n<p style=\"text-align: left;\">Zweck: Organisation und Durchf\u00fchrung von Veranstaltungen der AA.<br \/>Rechtsgrundlage: Vertragserf\u00fcllung und berechtigtes Interesse.<\/p>\n<p style=\"text-align: left;\"><!-- \/wp:paragraph --><\/p>\n<p style=\"text-align: left;\"><!-- wp:heading {\"level\":3} --><\/p>\n<p style=\"text-align: left;\">c) Foto- und Videoaufnahmen<\/p>\n<p style=\"text-align: left;\"><!-- \/wp:heading --><\/p>\n<p style=\"text-align: left;\"><!-- wp:paragraph --><\/p>\n<p style=\"text-align: left;\">Auf Veranstaltungen aufgenommene Medien k\u00f6nnen in unseren Publikationen erscheinen. Falls du nicht fotografiert werden m\u00f6chtest, informiere bitte den Fotografen. Die Speicherung erfolgt f\u00fcr bis zu 5 Jahre online und bis zu 14 Jahre in Printmedien.<\/p>\n<p style=\"text-align: left;\"><!-- \/wp:paragraph --><\/p>\n<p style=\"text-align: left;\"><!-- wp:paragraph --><\/p>\n<p style=\"text-align: left;\">Bei Veranstaltungen k\u00f6nnen Foto- und Videoaufnahmen entstehen.<\/p>\n<ul style=\"text-align: left;\">\n<li style=\"text-align: left;\">Wir informieren bei denVeranstaltung vor Ort.<\/li>\n<li style=\"text-align: left;\">Aufnahmen dienen der Dokumentation des Vereinszwecks, \u00d6ffentlichkeitsarbeit und Berichterstattung (z. B. Website, Social Media, Presse).<\/li>\n<li style=\"text-align: left;\">Personen, die nicht aufgenommen werden m\u00f6chten, k\u00f6nnen dies jederzeit vor Ort mitteilen.<\/li>\n<li style=\"text-align: left;\">F\u00fcr Nahaufnahmen holen wir gegebenenfalls eine schriftliche Einwilligung ein.<\/li>\n<\/ul>\n<p style=\"text-align: left;\"><!-- \/wp:list-item --><\/p>\n<p style=\"text-align: left;\"><!-- \/wp:list --><\/p>\n<p style=\"text-align: left;\"><!-- wp:paragraph --><\/p>\n<p style=\"text-align: left;\">Rechtsgrundlage:<\/p>\n<ul style=\"text-align: left;\">\n<li style=\"text-align: left;\">Berechtigtes Interesse (Art. 6 Abs.1 lit. f DSGVO) f\u00fcr Gruppen-\/\u00dcbersichtsaufnahmen<\/li>\n<li style=\"text-align: left;\">Einwilligung (Art. 6 Abs.1 lit. a DSGVO) f\u00fcr Portr\u00e4ts<\/li>\n<\/ul>\n<p style=\"text-align: left;\"><!-- \/wp:list-item --><\/p>\n<p style=\"text-align: left;\"><!-- \/wp:list --><\/p>\n<p style=\"text-align: left;\"><!-- wp:heading {\"level\":3} --><\/p>\n<p style=\"text-align: left;\">d) Presse &amp; Weitergabe von Fotos<\/p>\n<p style=\"text-align: left;\"><!-- \/wp:heading --><\/p>\n<p style=\"text-align: left;\"><!-- wp:paragraph --><\/p>\n<p style=\"text-align: left;\">Die Verarbeitung deiner Daten erfolgt auf Grundlage der Mitgliedschaft gem\u00e4\u00df Art. 6 Abs. 1 lit. b DSGVO. Foto-, Audio- und Videoaufnahmen nutzen wir zur \u00d6ffentlichkeitsarbeit basierend auf unserem berechtigten Interesse (Art. 6 Abs. 1 lit. f DSGVO).<\/p>\n<p style=\"text-align: left;\"><!-- \/wp:paragraph --><\/p>\n<p style=\"text-align: left;\"><!-- wp:paragraph --><\/p>\n<p style=\"text-align: left;\">Fotos werden nur dann an Presse oder Medienpartner weitergegeben, wenn sie im Rahmen der \u00d6ffentlichkeitsarbeit im berechtigten Interesse des Vereins liegen.<br \/>Keine Weitergabe zu Werbezwecken Dritter.<\/p>\n<p style=\"text-align: left;\"><!-- \/wp:paragraph --><\/p>\n<p style=\"text-align: left;\"><!-- wp:heading {\"level\":3} --><\/p>\n<p style=\"text-align: left;\">e) Newsletter<\/p>\n<p style=\"text-align: left;\"><!-- \/wp:heading --><\/p>\n<p style=\"text-align: left;\"><!-- wp:paragraph --><\/p>\n<p style=\"text-align: left;\">Beim Newsletter speichern wir:<\/p>\n<ul style=\"text-align: left;\">\n<li style=\"text-align: left;\">E-Mail-Adresse<\/li>\n<li style=\"text-align: left;\">Optional Namen<\/li>\n<\/ul>\n<p style=\"text-align: left;\"><!-- \/wp:list-item --><\/p>\n<p style=\"text-align: left;\"><!-- \/wp:list --><\/p>\n<p style=\"text-align: left;\"><!-- wp:paragraph --><\/p>\n<p style=\"text-align: left;\">Rechtsgrundlage: Einwilligung (Double Opt-In).<\/p>\n<p style=\"text-align: left;\"><!-- \/wp:paragraph --><\/p>\n<p style=\"text-align: left;\"><!-- wp:paragraph --><\/p>\n<p style=\"text-align: left;\">Abmeldung jederzeit m\u00f6glich.<\/p>\n<p style=\"text-align: left;\"><!-- \/wp:paragraph --><\/p>\n<p style=\"text-align: left;\"><!-- wp:heading {\"level\":3} --><\/p>\n<p style=\"text-align: left;\">f) Website, Cookies &amp; Server-Logs<\/p>\n<p style=\"text-align: left;\"><!-- \/wp:heading --><\/p>\n<p style=\"text-align: left;\"><!-- wp:paragraph --><\/p>\n<p style=\"text-align: left;\">Beim Besuch unserer Website werden automatisch verarbeitet:<\/p>\n<ul style=\"text-align: left;\">\n<li style=\"text-align: left;\">IP-Adresse (gek\u00fcrzt)<\/li>\n<li style=\"text-align: left;\">Browser &amp; Betriebssystem<\/li>\n<li style=\"text-align: left;\">Uhrzeit &amp; besuchte Seiten<\/li>\n<\/ul>\n<p style=\"text-align: left;\"><!-- \/wp:list-item --><\/p>\n<p style=\"text-align: left;\"><!-- \/wp:list --><\/p>\n<p style=\"text-align: left;\"><!-- wp:paragraph --><\/p>\n<p style=\"text-align: left;\">Zweck: Betrieb und Sicherheit der Website.<br \/>Rechtsgrundlage: Berechtigtes Interesse.<\/p>\n<p><!-- \/wp:paragraph --><\/p>[\/vc_column_text][\/vc_column][\/vc_row]","protected":false},"excerpt":{"rendered":"<p>[vc_row][vc_column][vc_column_text] &nbsp; Datenschutzerkl\u00e4rung gem\u00e4\u00df DSGVO Wir legen gro\u00dfen Wert auf den Schutz pers\u00f6nlicher Daten. Die Alpenblick Akademie (AA) verarbeitet personenbezogene Daten ausschlie\u00dflich auf Grundlage der DSGVO und des \u00f6sterreichischen Datenschutzgesetzes&#8230;.<\/p>\n","protected":false},"author":4,"featured_media":0,"parent":0,"menu_order":0,"comment_status":"closed","ping_status":"closed","template":"","meta":{"footnotes":""},"class_list":["post-10287","page","type-page","status-publish","hentry"],"_links":{"self":[{"href":"https:\/\/www.alpenblick.com\/alpenblick\/wp-json\/wp\/v2\/pages\/10287","targetHints":{"allow":["GET"]}}],"collection":[{"href":"https:\/\/www.alpenblick.com\/alpenblick\/wp-json\/wp\/v2\/pages"}],"about":[{"href":"https:\/\/www.alpenblick.com\/alpenblick\/wp-json\/wp\/v2\/types\/page"}],"author":[{"embeddable":true,"href":"https:\/\/www.alpenblick.com\/alpenblick\/wp-json\/wp\/v2\/users\/4"}],"replies":[{"embeddable":true,"href":"https:\/\/www.alpenblick.com\/alpenblick\/wp-json\/wp\/v2\/comments?post=10287"}],"version-history":[{"count":4,"href":"https:\/\/www.alpenblick.com\/alpenblick\/wp-json\/wp\/v2\/pages\/10287\/revisions"}],"predecessor-version":[{"id":10294,"href":"https:\/\/www.alpenblick.com\/alpenblick\/wp-json\/wp\/v2\/pages\/10287\/revisions\/10294"}],"wp:attachment":[{"href":"https:\/\/www.alpenblick.com\/alpenblick\/wp-json\/wp\/v2\/media?parent=10287"}],"curies":[{"name":"wp","href":"https:\/\/api.w.org\/{rel}","templated":true}]}}